{"id":2,"date":"2024-10-01T18:53:34","date_gmt":"2024-10-01T18:53:34","guid":{"rendered":"https:\/\/lemag.ecub.info\/?page_id=2"},"modified":"2026-04-14T08:29:26","modified_gmt":"2026-04-14T08:29:26","slug":"sample-page","status":"publish","type":"page","link":"https:\/\/lemag.ecub.info\/","title":{"rendered":"Bienvenue dans le Mag !"},"content":{"rendered":"\n<p class=\"has-vivid-cyan-blue-color has-text-color has-link-color has-medium-font-size wp-elements-24294104496dca4d405e8cbca7279042\">Le nom de ce site a port\u00e9 un rude coup \u00e0 la modestie de Magali, qui s&rsquo;est mollement d\u00e9fendue en proposant \u00ab\u00a0Le Rom\u00a0\u00bb avant de finalement s&rsquo;incliner devant le clin d&rsquo;oeil !<\/p>\n\n\n\n<p class=\"has-vivid-cyan-blue-color has-text-color has-link-color has-medium-font-size wp-elements-317f48f70f1d5659f2ce0d132ddb9355\">Dans <em><strong>le Mag<\/strong><\/em>, vous trouverez divers articles, liens, r\u00e9f\u00e9rences qui doivent vous simplifier la vie, vous donner des id\u00e9es, stimuler votre enseignement ! Une info sera publi\u00e9e sur Teams de temps en temps pour vous encourager \u00e0 jeter un oeil en fonction de vos int\u00e9r\u00eats !<\/p>\n\n\n\n<p class=\"has-vivid-cyan-blue-color has-text-color has-link-color has-medium-font-size wp-elements-f729949df2382cf998e47a8c9c0b3e1c\">N&rsquo;h\u00e9sitez pas \u00e0 m&rsquo;envoyer des commentaires, de mani\u00e8re \u00e0 ce que je puisse me rendre compte de la pertinence des publications. N&rsquo;h\u00e9sitez pas non plus \u00e0 me transmettre des informations, des suggestions, des liens pour que je puisse les relayer sur ce site.<\/p>\n\n\n\n<figure class=\"wp-block-image size-large\"><img loading=\"lazy\" decoding=\"async\" width=\"1024\" height=\"208\" src=\"https:\/\/lemag.ecub.info\/wp-content\/uploads\/2024\/10\/image-1024x208.png\" alt=\"\" class=\"wp-image-30\" srcset=\"https:\/\/lemag.ecub.info\/wp-content\/uploads\/2024\/10\/image-1024x208.png 1024w, https:\/\/lemag.ecub.info\/wp-content\/uploads\/2024\/10\/image-300x61.png 300w, https:\/\/lemag.ecub.info\/wp-content\/uploads\/2024\/10\/image-768x156.png 768w, https:\/\/lemag.ecub.info\/wp-content\/uploads\/2024\/10\/image-228x46.png 228w, https:\/\/lemag.ecub.info\/wp-content\/uploads\/2024\/10\/image.png 1169w\" sizes=\"auto, (max-width: 1024px) 100vw, 1024px\" \/><\/figure>\n","protected":false},"excerpt":{"rendered":"<p>Le nom de ce site a port\u00e9 un rude coup \u00e0 la modestie de Magali, qui s&rsquo;est mollement d\u00e9fendue en proposant \u00ab\u00a0Le Rom\u00a0\u00bb avant de finalement s&rsquo;incliner devant le clin d&rsquo;oeil ! Dans le Mag, vous trouverez divers articles, liens, r\u00e9f\u00e9rences qui doivent vous simplifier la vie, vous donner des id\u00e9es, stimuler votre enseignement ! [&hellip;]<\/p>\n","protected":false},"author":1,"featured_media":0,"parent":0,"menu_order":0,"comment_status":"closed","ping_status":"open","template":"","meta":{"jetpack_post_was_ever_published":false,"footnotes":""},"class_list":["post-2","page","type-page","status-publish","hentry"],"jetpack_sharing_enabled":true,"_links":{"self":[{"href":"https:\/\/lemag.ecub.info\/index.php?rest_route=\/wp\/v2\/pages\/2","targetHints":{"allow":["GET"]}}],"collection":[{"href":"https:\/\/lemag.ecub.info\/index.php?rest_route=\/wp\/v2\/pages"}],"about":[{"href":"https:\/\/lemag.ecub.info\/index.php?rest_route=\/wp\/v2\/types\/page"}],"author":[{"embeddable":true,"href":"https:\/\/lemag.ecub.info\/index.php?rest_route=\/wp\/v2\/users\/1"}],"replies":[{"embeddable":true,"href":"https:\/\/lemag.ecub.info\/index.php?rest_route=%2Fwp%2Fv2%2Fcomments&post=2"}],"version-history":[{"count":16,"href":"https:\/\/lemag.ecub.info\/index.php?rest_route=\/wp\/v2\/pages\/2\/revisions"}],"predecessor-version":[{"id":280,"href":"https:\/\/lemag.ecub.info\/index.php?rest_route=\/wp\/v2\/pages\/2\/revisions\/280"}],"wp:attachment":[{"href":"https:\/\/lemag.ecub.info\/index.php?rest_route=%2Fwp%2Fv2%2Fmedia&parent=2"}],"curies":[{"name":"wp","href":"https:\/\/api.w.org\/{rel}","templated":true}]}}